{"id":55,"date":"2015-03-24T11:46:55","date_gmt":"2015-03-24T10:46:55","guid":{"rendered":"https:\/\/ce-vip.outlook-productivity-timemanagement-seminar.com\/?page_id=55"},"modified":"2025-01-20T00:57:38","modified_gmt":"2025-01-19T23:57:38","slug":"reserve-your-ce-vip-training-session-now","status":"publish","type":"page","link":"https:\/\/cvt.onenote-seminar.de\/en\/","title":{"rendered":"simple. more productive. digital : video courses on Office 365, OneNote, Teams and SharePoint."},"content":{"rendered":"<div data-elementor-type=\"wp-page\" data-elementor-id=\"55\" class=\"elementor elementor-55\" data-elementor-post-type=\"page\">\n\t\t\t\t\t\t<section class=\"elementor-section elementor-top-section elementor-element elementor-element-566e736 elementor-section-boxed elementor-section-height-default elementor-section-height-default\" data-id=\"566e736\" data-element_type=\"section\" data-e-type=\"section\">\n\t\t\t\t\t\t<div class=\"elementor-container elementor-column-gap-default\">\n\t\t\t\t\t<div class=\"elementor-column elementor-col-100 elementor-top-column elementor-element elementor-element-e851b42\" data-id=\"e851b42\" data-element_type=\"column\" data-e-type=\"column\">\n\t\t\t<div class=\"elementor-widget-wrap elementor-element-populated\">\n\t\t\t\t\t\t<div class=\"elementor-element elementor-element-f65d0b0 elementor-widget elementor-widget-spacer\" data-id=\"f65d0b0\" data-element_type=\"widget\" data-e-type=\"widget\" data-widget_type=\"spacer.default\">\n\t\t\t\t<div class=\"elementor-widget-container\">\n\t\t\t\t\t\t\t<div class=\"elementor-spacer\">\n\t\t\t<div class=\"elementor-spacer-inner\"><\/div>\n\t\t<\/div>\n\t\t\t\t\t\t<\/div>\n\t\t\t\t<\/div>\n\t\t\t\t<div class=\"elementor-element elementor-element-78e9f38 elementor-widget elementor-widget-text-editor\" data-id=\"78e9f38\" data-element_type=\"widget\" data-e-type=\"widget\" data-widget_type=\"text-editor.default\">\n\t\t\t\t<div class=\"elementor-widget-container\">\n\t\t\t\t\t\t\t\t\t<div><div><h1 style=\"text-align: center;\">Digital Productivity \u2014 Simplified\u00a0<\/h1><h1 style=\"text-align: center;\">Video Courses for Office 365, OneNote, Teams and SharePoint\u00a0\u00a0<br \/><br \/><\/h1><p>Welcome to the video course page! On this page, you will find the video courses for your workshop\/seminar or the video course package booked for you by your company. Access to these videos is restricted to registered users only. You will have received a registration link from your company via email or from Holger Woeltje during the seminar or workshop.<\/p><p style=\"text-align: center;\"><strong>Please use the appropriate link to access your courses. <br \/>Only after logging in via the correct link, you will see your available courses in the navigation menu at the top of this page.<\/strong><\/p><p style=\"text-align: center;\"><strong>\u00a0<\/strong><\/p><h1 style=\"text-align: center;\">Video courses by Holger W\u00f6ltje<\/h1><div>\u00a0<\/div><\/div><\/div>\t\t\t\t\t\t\t\t<\/div>\n\t\t\t\t<\/div>\n\t\t\t\t\t<\/div>\n\t\t<\/div>\n\t\t\t\t\t<\/div>\n\t\t<\/section>\n\t\t\t\t<\/div>","protected":false},"excerpt":{"rendered":"<p>einfach. produktiver. digital\u00a0 Videokurse zu Office 365, OneNote, Teams und SharePoint\u00a0\u00a0 Willkommen auf der Videokurs-Seite! Hier finden Sie die Videokurse zu Ihrem Workshop\/Seminar bzw. dem von Ihrem Unternehmen f\u00fcr Sie gebuchten Videokurs-Paket. Der Zugriff ist nur f\u00fcr berechtigte Personen m\u00f6glich, Sie haben dazu von Ihrem Unternehmen bzw. von Holger W\u00f6ltje im Seminar\/Workshop einen entsprechenden Link [&hellip;]...<\/p>\n","protected":false},"author":2,"featured_media":0,"parent":0,"menu_order":0,"comment_status":"closed","ping_status":"closed","template":"","meta":{"footnotes":""},"class_list":["post-55","page","type-page","status-publish","hentry"],"_links":{"self":[{"href":"https:\/\/cvt.onenote-seminar.de\/en\/wp-json\/wp\/v2\/pages\/55","targetHints":{"allow":["GET"]}}],"collection":[{"href":"https:\/\/cvt.onenote-seminar.de\/en\/wp-json\/wp\/v2\/pages"}],"about":[{"href":"https:\/\/cvt.onenote-seminar.de\/en\/wp-json\/wp\/v2\/types\/page"}],"author":[{"embeddable":true,"href":"https:\/\/cvt.onenote-seminar.de\/en\/wp-json\/wp\/v2\/users\/2"}],"replies":[{"embeddable":true,"href":"https:\/\/cvt.onenote-seminar.de\/en\/wp-json\/wp\/v2\/comments?post=55"}],"version-history":[{"count":3,"href":"https:\/\/cvt.onenote-seminar.de\/en\/wp-json\/wp\/v2\/pages\/55\/revisions"}],"predecessor-version":[{"id":7170,"href":"https:\/\/cvt.onenote-seminar.de\/en\/wp-json\/wp\/v2\/pages\/55\/revisions\/7170"}],"wp:attachment":[{"href":"https:\/\/cvt.onenote-seminar.de\/en\/wp-json\/wp\/v2\/media?parent=55"}],"curies":[{"name":"wp","href":"https:\/\/api.w.org\/{rel}","templated":true}]}}