{"id":55,"date":"2015-03-24T11:46:55","date_gmt":"2015-03-24T10:46:55","guid":{"rendered":"https:\/\/ce-vip.outlook-productivity-timemanagement-seminar.com\/?page_id=55"},"modified":"2025-01-20T00:57:38","modified_gmt":"2025-01-19T23:57:38","slug":"reserve-your-ce-vip-training-session-now","status":"publish","type":"page","link":"https:\/\/cvt.onenote-seminar.de\/it\/","title":{"rendered":"semplice. pi\u00f9. produttivo. digitale : corsi video su Office 365, OneNote, Teams e SharePoint"},"content":{"rendered":"<div data-elementor-type=\"wp-page\" data-elementor-id=\"55\" class=\"elementor elementor-55\" data-elementor-post-type=\"page\">\n\t\t\t\t\t\t<section class=\"elementor-section elementor-top-section elementor-element elementor-element-566e736 elementor-section-boxed elementor-section-height-default elementor-section-height-default\" data-id=\"566e736\" data-element_type=\"section\" data-e-type=\"section\">\n\t\t\t\t\t\t<div class=\"elementor-container elementor-column-gap-default\">\n\t\t\t\t\t<div class=\"elementor-column elementor-col-100 elementor-top-column elementor-element elementor-element-e851b42\" data-id=\"e851b42\" data-element_type=\"column\" data-e-type=\"column\">\n\t\t\t<div class=\"elementor-widget-wrap elementor-element-populated\">\n\t\t\t\t\t\t<div class=\"elementor-element elementor-element-f65d0b0 elementor-widget elementor-widget-spacer\" data-id=\"f65d0b0\" data-element_type=\"widget\" data-e-type=\"widget\" data-widget_type=\"spacer.default\">\n\t\t\t\t<div class=\"elementor-widget-container\">\n\t\t\t\t\t\t\t<div class=\"elementor-spacer\">\n\t\t\t<div class=\"elementor-spacer-inner\"><\/div>\n\t\t<\/div>\n\t\t\t\t\t\t<\/div>\n\t\t\t\t<\/div>\n\t\t\t\t<div class=\"elementor-element elementor-element-78e9f38 elementor-widget elementor-widget-text-editor\" data-id=\"78e9f38\" data-element_type=\"widget\" data-e-type=\"widget\" data-widget_type=\"text-editor.default\">\n\t\t\t\t<div class=\"elementor-widget-container\">\n\t\t\t\t\t\t\t\t\t<div><div><h1 style=\"text-align: center;\">semplice. pi\u00f9 produttivo. digitale\u00a0<\/h1><h1 style=\"text-align: center;\">Corsi video su Office 365, OneNote, Teams e SharePoint\u00a0\u00a0<br \/><br \/><\/h1><p>Benvenuto nella pagina dei videocorsi! Qui trover\u00e0 i videocorsi per il suo workshop\/seminario o il pacchetto di videocorsi prenotato per lei dalla sua azienda. L'accesso \u00e8 possibile solo per le persone autorizzate, che hanno ricevuto un link corrispondente dalla sua azienda o da Holger W\u00f6ltje nel seminario\/workshop e, a seconda del corso, ulteriori dati di accesso se necessario.<\/p><p style=\"text-align: center;\"><strong>Utilizzi il link corrispondente per accedere ai suoi corsi. <br \/>Vedr\u00e0 i suoi corsi nel menu della pagina solo dopo aver effettuato il login tramite il link corretto.<\/strong><\/p><p style=\"text-align: center;\"><strong>\u00a0<\/strong><\/p><h1 style=\"text-align: center;\">Tempo sotto controllo con Office 365: corsi video di Holger W\u00f6ltje<\/h1><div>\u00a0<\/div><\/div><\/div>\t\t\t\t\t\t\t\t<\/div>\n\t\t\t\t<\/div>\n\t\t\t\t\t<\/div>\n\t\t<\/div>\n\t\t\t\t\t<\/div>\n\t\t<\/section>\n\t\t\t\t<\/div>","protected":false},"excerpt":{"rendered":"<p>einfach. produktiver. digital\u00a0 Videokurse zu Office 365, OneNote, Teams und SharePoint\u00a0\u00a0 Willkommen auf der Videokurs-Seite! Hier finden Sie die Videokurse zu Ihrem Workshop\/Seminar bzw. dem von Ihrem Unternehmen f\u00fcr Sie gebuchten Videokurs-Paket. Der Zugriff ist nur f\u00fcr berechtigte Personen m\u00f6glich, Sie haben dazu von Ihrem Unternehmen bzw. von Holger W\u00f6ltje im Seminar\/Workshop einen entsprechenden Link [&hellip;]...<\/p>\n","protected":false},"author":2,"featured_media":0,"parent":0,"menu_order":0,"comment_status":"closed","ping_status":"closed","template":"","meta":{"footnotes":""},"class_list":["post-55","page","type-page","status-publish","hentry"],"_links":{"self":[{"href":"https:\/\/cvt.onenote-seminar.de\/it\/wp-json\/wp\/v2\/pages\/55","targetHints":{"allow":["GET"]}}],"collection":[{"href":"https:\/\/cvt.onenote-seminar.de\/it\/wp-json\/wp\/v2\/pages"}],"about":[{"href":"https:\/\/cvt.onenote-seminar.de\/it\/wp-json\/wp\/v2\/types\/page"}],"author":[{"embeddable":true,"href":"https:\/\/cvt.onenote-seminar.de\/it\/wp-json\/wp\/v2\/users\/2"}],"replies":[{"embeddable":true,"href":"https:\/\/cvt.onenote-seminar.de\/it\/wp-json\/wp\/v2\/comments?post=55"}],"version-history":[{"count":3,"href":"https:\/\/cvt.onenote-seminar.de\/it\/wp-json\/wp\/v2\/pages\/55\/revisions"}],"predecessor-version":[{"id":7170,"href":"https:\/\/cvt.onenote-seminar.de\/it\/wp-json\/wp\/v2\/pages\/55\/revisions\/7170"}],"wp:attachment":[{"href":"https:\/\/cvt.onenote-seminar.de\/it\/wp-json\/wp\/v2\/media?parent=55"}],"curies":[{"name":"wp","href":"https:\/\/api.w.org\/{rel}","templated":true}]}}